{"id":2,"date":"2024-06-14T10:25:21","date_gmt":"2024-06-14T13:25:21","guid":{"rendered":"http:\/\/localhost:8888\/tecnofitas02\/?page_id=2"},"modified":"2024-10-02T11:30:49","modified_gmt":"2024-10-02T14:30:49","slug":"home","status":"publish","type":"page","link":"https:\/\/tecnopecas.com.br\/tecnofitas\/","title":{"rendered":"Home"},"content":{"rendered":"","protected":false},"excerpt":{"rendered":"","protected":false},"author":1,"featured_media":0,"parent":0,"menu_order":0,"comment_status":"closed","ping_status":"open","template":"","meta":{"footnotes":""},"class_list":["post-2","page","type-page","status-publish","hentry"],"acf":[],"yoast_head":"<!-- This site is optimized with the Yoast SEO plugin v23.5 - https:\/\/yoast.com\/wordpress\/plugins\/seo\/ -->\n<title>Home - Tecnofitas<\/title>\n<meta name=\"description\" content=\"Descubra a versatilidade e praticidade das nossas fitas adesivas! Seja para uso dom\u00e9stico, escolar ou industrial, nossas fitas s\u00e3o ideais para veda\u00e7\u00e3o, consertos r\u00e1pidos, artesanato e muito mais ...\" \/>\n<meta name=\"robots\" content=\"index, follow, max-snippet:-1, max-image-preview:large, max-video-preview:-1\" \/>\n<link rel=\"canonical\" href=\"https:\/\/tecnopecas.com.br\/tecnofitas\/\" \/>\n<meta property=\"og:locale\" content=\"pt_BR\" \/>\n<meta property=\"og:type\" content=\"article\" \/>\n<meta property=\"og:title\" content=\"Home - Tecnofitas\" \/>\n<meta property=\"og:description\" content=\"Descubra a versatilidade e praticidade das nossas fitas adesivas! Seja para uso dom\u00e9stico, escolar ou industrial, nossas fitas s\u00e3o ideais para veda\u00e7\u00e3o, consertos r\u00e1pidos, artesanato e muito mais ...\" \/>\n<meta property=\"og:url\" content=\"https:\/\/tecnopecas.com.br\/tecnofitas\/\" \/>\n<meta property=\"og:site_name\" content=\"Tecnofitas\" \/>\n<meta property=\"article:modified_time\" content=\"2024-10-02T14:30:49+00:00\" \/>\n<meta name=\"twitter:card\" content=\"summary_large_image\" \/>\n<script type=\"application\/ld+json\" class=\"yoast-schema-graph\">{\"@context\":\"https:\/\/schema.org\",\"@graph\":[{\"@type\":\"WebPage\",\"@id\":\"https:\/\/tecnopecas.com.br\/tecnofitas\/\",\"url\":\"https:\/\/tecnopecas.com.br\/tecnofitas\/\",\"name\":\"Home - Tecnofitas\",\"isPartOf\":{\"@id\":\"https:\/\/tecnopecas.com.br\/tecnofitas\/#website\"},\"datePublished\":\"2024-06-14T13:25:21+00:00\",\"dateModified\":\"2024-10-02T14:30:49+00:00\",\"description\":\"Descubra a versatilidade e praticidade das nossas fitas adesivas! Seja para uso dom\u00e9stico, escolar ou industrial, nossas fitas s\u00e3o ideais para veda\u00e7\u00e3o, consertos r\u00e1pidos, artesanato e muito mais ...\",\"breadcrumb\":{\"@id\":\"https:\/\/tecnopecas.com.br\/tecnofitas\/#breadcrumb\"},\"inLanguage\":\"pt-BR\",\"potentialAction\":[{\"@type\":\"ReadAction\",\"target\":[\"https:\/\/tecnopecas.com.br\/tecnofitas\/\"]}]},{\"@type\":\"BreadcrumbList\",\"@id\":\"https:\/\/tecnopecas.com.br\/tecnofitas\/#breadcrumb\",\"itemListElement\":[{\"@type\":\"ListItem\",\"position\":1,\"name\":\"Home\",\"item\":\"https:\/\/tecnopecas.com.br\/tecnofitas\/\"},{\"@type\":\"ListItem\",\"position\":2,\"name\":\"Home\"}]},{\"@type\":\"WebSite\",\"@id\":\"https:\/\/tecnopecas.com.br\/tecnofitas\/#website\",\"url\":\"https:\/\/tecnopecas.com.br\/tecnofitas\/\",\"name\":\"Tecnofitas\",\"description\":\"\",\"potentialAction\":[{\"@type\":\"SearchAction\",\"target\":{\"@type\":\"EntryPoint\",\"urlTemplate\":\"https:\/\/tecnopecas.com.br\/tecnofitas\/?s={search_term_string}\"},\"query-input\":{\"@type\":\"PropertyValueSpecification\",\"valueRequired\":true,\"valueName\":\"search_term_string\"}}],\"inLanguage\":\"pt-BR\"}]}<\/script>\n<!-- \/ Yoast SEO plugin. -->","yoast_head_json":{"title":"Home - Tecnofitas","description":"Descubra a versatilidade e praticidade das nossas fitas adesivas! Seja para uso dom\u00e9stico, escolar ou industrial, nossas fitas s\u00e3o ideais para veda\u00e7\u00e3o, consertos r\u00e1pidos, artesanato e muito mais ...","robots":{"index":"index","follow":"follow","max-snippet":"max-snippet:-1","max-image-preview":"max-image-preview:large","max-video-preview":"max-video-preview:-1"},"canonical":"https:\/\/tecnopecas.com.br\/tecnofitas\/","og_locale":"pt_BR","og_type":"article","og_title":"Home - Tecnofitas","og_description":"Descubra a versatilidade e praticidade das nossas fitas adesivas! Seja para uso dom\u00e9stico, escolar ou industrial, nossas fitas s\u00e3o ideais para veda\u00e7\u00e3o, consertos r\u00e1pidos, artesanato e muito mais ...","og_url":"https:\/\/tecnopecas.com.br\/tecnofitas\/","og_site_name":"Tecnofitas","article_modified_time":"2024-10-02T14:30:49+00:00","twitter_card":"summary_large_image","schema":{"@context":"https:\/\/schema.org","@graph":[{"@type":"WebPage","@id":"https:\/\/tecnopecas.com.br\/tecnofitas\/","url":"https:\/\/tecnopecas.com.br\/tecnofitas\/","name":"Home - Tecnofitas","isPartOf":{"@id":"https:\/\/tecnopecas.com.br\/tecnofitas\/#website"},"datePublished":"2024-06-14T13:25:21+00:00","dateModified":"2024-10-02T14:30:49+00:00","description":"Descubra a versatilidade e praticidade das nossas fitas adesivas! Seja para uso dom\u00e9stico, escolar ou industrial, nossas fitas s\u00e3o ideais para veda\u00e7\u00e3o, consertos r\u00e1pidos, artesanato e muito mais ...","breadcrumb":{"@id":"https:\/\/tecnopecas.com.br\/tecnofitas\/#breadcrumb"},"inLanguage":"pt-BR","potentialAction":[{"@type":"ReadAction","target":["https:\/\/tecnopecas.com.br\/tecnofitas\/"]}]},{"@type":"BreadcrumbList","@id":"https:\/\/tecnopecas.com.br\/tecnofitas\/#breadcrumb","itemListElement":[{"@type":"ListItem","position":1,"name":"Home","item":"https:\/\/tecnopecas.com.br\/tecnofitas\/"},{"@type":"ListItem","position":2,"name":"Home"}]},{"@type":"WebSite","@id":"https:\/\/tecnopecas.com.br\/tecnofitas\/#website","url":"https:\/\/tecnopecas.com.br\/tecnofitas\/","name":"Tecnofitas","description":"","potentialAction":[{"@type":"SearchAction","target":{"@type":"EntryPoint","urlTemplate":"https:\/\/tecnopecas.com.br\/tecnofitas\/?s={search_term_string}"},"query-input":{"@type":"PropertyValueSpecification","valueRequired":true,"valueName":"search_term_string"}}],"inLanguage":"pt-BR"}]}},"_links":{"self":[{"href":"https:\/\/tecnopecas.com.br\/tecnofitas\/wp-json\/wp\/v2\/pages\/2","targetHints":{"allow":["GET"]}}],"collection":[{"href":"https:\/\/tecnopecas.com.br\/tecnofitas\/wp-json\/wp\/v2\/pages"}],"about":[{"href":"https:\/\/tecnopecas.com.br\/tecnofitas\/wp-json\/wp\/v2\/types\/page"}],"author":[{"embeddable":true,"href":"https:\/\/tecnopecas.com.br\/tecnofitas\/wp-json\/wp\/v2\/users\/1"}],"replies":[{"embeddable":true,"href":"https:\/\/tecnopecas.com.br\/tecnofitas\/wp-json\/wp\/v2\/comments?post=2"}],"version-history":[{"count":16,"href":"https:\/\/tecnopecas.com.br\/tecnofitas\/wp-json\/wp\/v2\/pages\/2\/revisions"}],"predecessor-version":[{"id":275,"href":"https:\/\/tecnopecas.com.br\/tecnofitas\/wp-json\/wp\/v2\/pages\/2\/revisions\/275"}],"wp:attachment":[{"href":"https:\/\/tecnopecas.com.br\/tecnofitas\/wp-json\/wp\/v2\/media?parent=2"}],"curies":[{"name":"wp","href":"https:\/\/api.w.org\/{rel}","templated":true}]}}