{"id":527,"date":"2020-12-18T09:38:12","date_gmt":"2020-12-18T12:38:12","guid":{"rendered":"http:\/\/tecnopecas.com.br\/novo\/quem-somos\/"},"modified":"2021-05-11T14:50:12","modified_gmt":"2021-05-11T17:50:12","slug":"quem-somos","status":"publish","type":"page","link":"https:\/\/tecnopecas.com.br\/en\/quem-somos\/","title":{"rendered":"Quem Somos EN"},"content":{"rendered":"<p>EN &#8211; Lorem ipsum dolor sit amet, consectetur adipiscing elit. Nunc eu tristique odio, vel suscipit eros. Donec et maximus leo. Sed accumsan sodales sapien, nec rhoncus lacus rutrum vitae. Nulla vestibulum vulputate eros, quis fermentum nunc egestas non. Cras luctus accumsan velit sit amet tempus. Mauris nec rhoncus lectus. Nam eu augue laoreet, placerat purus ut, venenatis erat. Maecenas interdum eros nec mauris mollis, vel facilisis erat vehicula. Aliquam sed facilisis eros. Nam ut dui dignissim, molestie erat fringilla, maximus risus. Aliquam vitae commodo nisi, at faucibus quam. Aenean facilisis facilisis eros, et placerat sapien pretium sit amet. Nam imperdiet aliquet lacinia. Etiam nibh eros, semper quis ex non, luctus tristique augue. Etiam erat nibh, cursus eget rhoncus pellentesque, bibendum non ante.<\/p>\n<p>Fusce tempus gravida dui a facilisis. Morbi sed lacus vitae magna maximus imperdiet id ut ligula. Phasellus ipsum dolor, bibendum sed porta id, euismod quis mi. Aliquam commodo interdum tellus sed luctus. Etiam ut tortor pharetra, egestas est id, faucibus sapien. Pellentesque interdum urna vitae lorem malesuada, fringilla suscipit lorem aliquam. Nullam dapibus, risus at aliquet fringilla, turpis magna lobortis arcu, non consequat sem arcu vitae felis. Suspendisse quis egestas mauris, et luctus mauris. Aenean tristique imperdiet justo, id sollicitudin ipsum. Sed nec mollis nunc, eu ultrices urna. Cras elit ligula, laoreet ut ipsum et, aliquam feugiat leo. Aenean eleifend accumsan vulputate. Nam at elementum justo.<\/p>\n<p>Fusce molestie bibendum hendrerit. Proin blandit placerat ante nec gravida. Vivamus nulla erat, rhoncus a posuere id, rutrum id tortor. Praesent lobortis lorem.<\/p>\n","protected":false},"excerpt":{"rendered":"<p>EN &#8211; Lorem ipsum dolor sit amet, consectetur adipiscing elit. Nunc eu tristique odio, vel suscipit eros. Donec et maximus leo. Sed accumsan sodales sapien, nec rhoncus lacus rutrum vitae. Nulla vestibulum vulputate eros, quis fermentum nunc egestas non. Cras luctus accumsan velit sit amet tempus. Mauris nec rhoncus lectus. Nam eu augue laoreet, placerat [&hellip;]<\/p>\n","protected":false},"author":1,"featured_media":483,"parent":0,"menu_order":23,"comment_status":"closed","ping_status":"closed","template":"page-quem-somos.php","meta":{"footnotes":""},"class_list":["post-527","page","type-page","status-publish","has-post-thumbnail","hentry"],"acf":[],"yoast_head":"<!-- This site is optimized with the Yoast SEO plugin v27.5 - https:\/\/yoast.com\/product\/yoast-seo-wordpress\/ -->\n<title>Quem Somos EN - Tecnope\u00e7as<\/title>\n<meta name=\"robots\" content=\"index, follow, max-snippet:-1, max-image-preview:large, max-video-preview:-1\" \/>\n<link rel=\"canonical\" href=\"https:\/\/tecnopecas.com.br\/en\/quem-somos\/\" \/>\n<meta property=\"og:locale\" content=\"en_US\" \/>\n<meta property=\"og:type\" content=\"article\" \/>\n<meta property=\"og:title\" content=\"Quem Somos EN - Tecnope\u00e7as\" \/>\n<meta property=\"og:description\" content=\"EN &#8211; Lorem ipsum dolor sit amet, consectetur adipiscing elit. Nunc eu tristique odio, vel suscipit eros. Donec et maximus leo. Sed accumsan sodales sapien, nec rhoncus lacus rutrum vitae. Nulla vestibulum vulputate eros, quis fermentum nunc egestas non. Cras luctus accumsan velit sit amet tempus. Mauris nec rhoncus lectus. Nam eu augue laoreet, placerat [&hellip;]\" \/>\n<meta property=\"og:url\" content=\"https:\/\/tecnopecas.com.br\/en\/quem-somos\/\" \/>\n<meta property=\"og:site_name\" content=\"Tecnope\u00e7as\" \/>\n<meta property=\"article:modified_time\" content=\"2021-05-11T17:50:12+00:00\" \/>\n<meta property=\"og:image\" content=\"https:\/\/tecnopecas.com.br\/wp-content\/uploads\/2020\/12\/tecnopecas-anos-de-tradicao.png\" \/>\n\t<meta property=\"og:image:width\" content=\"780\" \/>\n\t<meta property=\"og:image:height\" content=\"355\" \/>\n\t<meta property=\"og:image:type\" content=\"image\/png\" \/>\n<meta name=\"twitter:card\" content=\"summary_large_image\" \/>\n<meta name=\"twitter:label1\" content=\"Est. reading time\" \/>\n\t<meta name=\"twitter:data1\" content=\"1 minute\" \/>\n<script type=\"application\/ld+json\" class=\"yoast-schema-graph\">{\"@context\":\"https:\\\/\\\/schema.org\",\"@graph\":[{\"@type\":\"WebPage\",\"@id\":\"https:\\\/\\\/tecnopecas.com.br\\\/en\\\/quem-somos\\\/\",\"url\":\"https:\\\/\\\/tecnopecas.com.br\\\/en\\\/quem-somos\\\/\",\"name\":\"Quem Somos EN - Tecnope\u00e7as\",\"isPartOf\":{\"@id\":\"https:\\\/\\\/tecnopecas.com.br\\\/#website\"},\"primaryImageOfPage\":{\"@id\":\"https:\\\/\\\/tecnopecas.com.br\\\/en\\\/quem-somos\\\/#primaryimage\"},\"image\":{\"@id\":\"https:\\\/\\\/tecnopecas.com.br\\\/en\\\/quem-somos\\\/#primaryimage\"},\"thumbnailUrl\":\"https:\\\/\\\/tecnopecas.com.br\\\/wp-content\\\/uploads\\\/2020\\\/12\\\/tecnopecas-anos-de-tradicao.png\",\"datePublished\":\"2020-12-18T12:38:12+00:00\",\"dateModified\":\"2021-05-11T17:50:12+00:00\",\"breadcrumb\":{\"@id\":\"https:\\\/\\\/tecnopecas.com.br\\\/en\\\/quem-somos\\\/#breadcrumb\"},\"inLanguage\":\"en-US\",\"potentialAction\":[{\"@type\":\"ReadAction\",\"target\":[\"https:\\\/\\\/tecnopecas.com.br\\\/en\\\/quem-somos\\\/\"]}]},{\"@type\":\"ImageObject\",\"inLanguage\":\"en-US\",\"@id\":\"https:\\\/\\\/tecnopecas.com.br\\\/en\\\/quem-somos\\\/#primaryimage\",\"url\":\"https:\\\/\\\/tecnopecas.com.br\\\/wp-content\\\/uploads\\\/2020\\\/12\\\/tecnopecas-anos-de-tradicao.png\",\"contentUrl\":\"https:\\\/\\\/tecnopecas.com.br\\\/wp-content\\\/uploads\\\/2020\\\/12\\\/tecnopecas-anos-de-tradicao.png\",\"width\":780,\"height\":355,\"caption\":\"quem somos\"},{\"@type\":\"BreadcrumbList\",\"@id\":\"https:\\\/\\\/tecnopecas.com.br\\\/en\\\/quem-somos\\\/#breadcrumb\",\"itemListElement\":[{\"@type\":\"ListItem\",\"position\":1,\"name\":\"In\u00edcio\",\"item\":\"https:\\\/\\\/tecnopecas.com.br\\\/en\\\/\"},{\"@type\":\"ListItem\",\"position\":2,\"name\":\"Quem Somos EN\"}]},{\"@type\":\"WebSite\",\"@id\":\"https:\\\/\\\/tecnopecas.com.br\\\/#website\",\"url\":\"https:\\\/\\\/tecnopecas.com.br\\\/\",\"name\":\"Tecnope\u00e7as\",\"description\":\"Pe\u00e7as T\u00e9cnicas em Materiais Flex\u00edveis\",\"publisher\":{\"@id\":\"https:\\\/\\\/tecnopecas.com.br\\\/#organization\"},\"potentialAction\":[{\"@type\":\"SearchAction\",\"target\":{\"@type\":\"EntryPoint\",\"urlTemplate\":\"https:\\\/\\\/tecnopecas.com.br\\\/?s={search_term_string}\"},\"query-input\":{\"@type\":\"PropertyValueSpecification\",\"valueRequired\":true,\"valueName\":\"search_term_string\"}}],\"inLanguage\":\"en-US\"},{\"@type\":\"Organization\",\"@id\":\"https:\\\/\\\/tecnopecas.com.br\\\/#organization\",\"name\":\"Tecnope\u00e7as\",\"url\":\"https:\\\/\\\/tecnopecas.com.br\\\/\",\"logo\":{\"@type\":\"ImageObject\",\"inLanguage\":\"en-US\",\"@id\":\"https:\\\/\\\/tecnopecas.com.br\\\/#\\\/schema\\\/logo\\\/image\\\/\",\"url\":\"https:\\\/\\\/tecnopecas.com.br\\\/wp-content\\\/uploads\\\/2022\\\/07\\\/tecnopecas.png\",\"contentUrl\":\"https:\\\/\\\/tecnopecas.com.br\\\/wp-content\\\/uploads\\\/2022\\\/07\\\/tecnopecas.png\",\"width\":255,\"height\":202,\"caption\":\"Tecnope\u00e7as\"},\"image\":{\"@id\":\"https:\\\/\\\/tecnopecas.com.br\\\/#\\\/schema\\\/logo\\\/image\\\/\"}}]}<\/script>\n<!-- \/ Yoast SEO plugin. -->","yoast_head_json":{"title":"Quem Somos EN - Tecnope\u00e7as","robots":{"index":"index","follow":"follow","max-snippet":"max-snippet:-1","max-image-preview":"max-image-preview:large","max-video-preview":"max-video-preview:-1"},"canonical":"https:\/\/tecnopecas.com.br\/en\/quem-somos\/","og_locale":"en_US","og_type":"article","og_title":"Quem Somos EN - Tecnope\u00e7as","og_description":"EN &#8211; Lorem ipsum dolor sit amet, consectetur adipiscing elit. Nunc eu tristique odio, vel suscipit eros. Donec et maximus leo. Sed accumsan sodales sapien, nec rhoncus lacus rutrum vitae. Nulla vestibulum vulputate eros, quis fermentum nunc egestas non. Cras luctus accumsan velit sit amet tempus. Mauris nec rhoncus lectus. Nam eu augue laoreet, placerat [&hellip;]","og_url":"https:\/\/tecnopecas.com.br\/en\/quem-somos\/","og_site_name":"Tecnope\u00e7as","article_modified_time":"2021-05-11T17:50:12+00:00","og_image":[{"width":780,"height":355,"url":"https:\/\/tecnopecas.com.br\/wp-content\/uploads\/2020\/12\/tecnopecas-anos-de-tradicao.png","type":"image\/png"}],"twitter_card":"summary_large_image","twitter_misc":{"Est. reading time":"1 minute"},"schema":{"@context":"https:\/\/schema.org","@graph":[{"@type":"WebPage","@id":"https:\/\/tecnopecas.com.br\/en\/quem-somos\/","url":"https:\/\/tecnopecas.com.br\/en\/quem-somos\/","name":"Quem Somos EN - Tecnope\u00e7as","isPartOf":{"@id":"https:\/\/tecnopecas.com.br\/#website"},"primaryImageOfPage":{"@id":"https:\/\/tecnopecas.com.br\/en\/quem-somos\/#primaryimage"},"image":{"@id":"https:\/\/tecnopecas.com.br\/en\/quem-somos\/#primaryimage"},"thumbnailUrl":"https:\/\/tecnopecas.com.br\/wp-content\/uploads\/2020\/12\/tecnopecas-anos-de-tradicao.png","datePublished":"2020-12-18T12:38:12+00:00","dateModified":"2021-05-11T17:50:12+00:00","breadcrumb":{"@id":"https:\/\/tecnopecas.com.br\/en\/quem-somos\/#breadcrumb"},"inLanguage":"en-US","potentialAction":[{"@type":"ReadAction","target":["https:\/\/tecnopecas.com.br\/en\/quem-somos\/"]}]},{"@type":"ImageObject","inLanguage":"en-US","@id":"https:\/\/tecnopecas.com.br\/en\/quem-somos\/#primaryimage","url":"https:\/\/tecnopecas.com.br\/wp-content\/uploads\/2020\/12\/tecnopecas-anos-de-tradicao.png","contentUrl":"https:\/\/tecnopecas.com.br\/wp-content\/uploads\/2020\/12\/tecnopecas-anos-de-tradicao.png","width":780,"height":355,"caption":"quem somos"},{"@type":"BreadcrumbList","@id":"https:\/\/tecnopecas.com.br\/en\/quem-somos\/#breadcrumb","itemListElement":[{"@type":"ListItem","position":1,"name":"In\u00edcio","item":"https:\/\/tecnopecas.com.br\/en\/"},{"@type":"ListItem","position":2,"name":"Quem Somos EN"}]},{"@type":"WebSite","@id":"https:\/\/tecnopecas.com.br\/#website","url":"https:\/\/tecnopecas.com.br\/","name":"Tecnope\u00e7as","description":"Pe\u00e7as T\u00e9cnicas em Materiais Flex\u00edveis","publisher":{"@id":"https:\/\/tecnopecas.com.br\/#organization"},"potentialAction":[{"@type":"SearchAction","target":{"@type":"EntryPoint","urlTemplate":"https:\/\/tecnopecas.com.br\/?s={search_term_string}"},"query-input":{"@type":"PropertyValueSpecification","valueRequired":true,"valueName":"search_term_string"}}],"inLanguage":"en-US"},{"@type":"Organization","@id":"https:\/\/tecnopecas.com.br\/#organization","name":"Tecnope\u00e7as","url":"https:\/\/tecnopecas.com.br\/","logo":{"@type":"ImageObject","inLanguage":"en-US","@id":"https:\/\/tecnopecas.com.br\/#\/schema\/logo\/image\/","url":"https:\/\/tecnopecas.com.br\/wp-content\/uploads\/2022\/07\/tecnopecas.png","contentUrl":"https:\/\/tecnopecas.com.br\/wp-content\/uploads\/2022\/07\/tecnopecas.png","width":255,"height":202,"caption":"Tecnope\u00e7as"},"image":{"@id":"https:\/\/tecnopecas.com.br\/#\/schema\/logo\/image\/"}}]}},"_links":{"self":[{"href":"https:\/\/tecnopecas.com.br\/en\/wp-json\/wp\/v2\/pages\/527","targetHints":{"allow":["GET"]}}],"collection":[{"href":"https:\/\/tecnopecas.com.br\/en\/wp-json\/wp\/v2\/pages"}],"about":[{"href":"https:\/\/tecnopecas.com.br\/en\/wp-json\/wp\/v2\/types\/page"}],"author":[{"embeddable":true,"href":"https:\/\/tecnopecas.com.br\/en\/wp-json\/wp\/v2\/users\/1"}],"replies":[{"embeddable":true,"href":"https:\/\/tecnopecas.com.br\/en\/wp-json\/wp\/v2\/comments?post=527"}],"version-history":[{"count":4,"href":"https:\/\/tecnopecas.com.br\/en\/wp-json\/wp\/v2\/pages\/527\/revisions"}],"predecessor-version":[{"id":557,"href":"https:\/\/tecnopecas.com.br\/en\/wp-json\/wp\/v2\/pages\/527\/revisions\/557"}],"wp:featuredmedia":[{"embeddable":true,"href":"https:\/\/tecnopecas.com.br\/en\/wp-json\/wp\/v2\/media\/483"}],"wp:attachment":[{"href":"https:\/\/tecnopecas.com.br\/en\/wp-json\/wp\/v2\/media?parent=527"}],"curies":[{"name":"wp","href":"https:\/\/api.w.org\/{rel}","templated":true}]}}